{"id":343,"date":"2025-05-28T09:54:49","date_gmt":"2025-05-28T07:54:49","guid":{"rendered":"https:\/\/liebe.avatalents.ch\/?page_id=343"},"modified":"2025-09-29T19:19:15","modified_gmt":"2025-09-29T17:19:15","slug":"publikationen","status":"publish","type":"page","link":"https:\/\/www.liebefeld-kulturen.ch\/fr\/publikationen\/","title":{"rendered":"Publications"},"content":{"rendered":"<div data-elementor-type=\"wp-page\" data-elementor-id=\"343\" class=\"elementor elementor-343\" data-elementor-post-type=\"page\">\n\t\t\t\t<div class=\"elementor-element elementor-element-1ccb382 section-xl e-flex e-con-boxed e-con e-parent\" data-id=\"1ccb382\" data-element_type=\"container\" data-settings=\"{&quot;background_background&quot;:&quot;classic&quot;}\">\n\t\t\t\t\t<div class=\"e-con-inner\">\n\t\t\t\t<div class=\"elementor-element elementor-element-f0e80f4 elementor-invisible elementor-widget elementor-widget-heading\" data-id=\"f0e80f4\" data-element_type=\"widget\" data-settings=\"{&quot;_animation&quot;:&quot;fadeInUp&quot;}\" data-widget_type=\"heading.default\">\n\t\t\t\t<div class=\"elementor-widget-container\">\n\t\t\t\t\t<h1 class=\"elementor-heading-title elementor-size-default\">Publications &amp; m\u00e9dias<\/h1>\t\t\t\t<\/div>\n\t\t\t\t<\/div>\n\t\t\t\t\t<\/div>\n\t\t\t\t<\/div>\n\t\t<div class=\"elementor-element elementor-element-00dba5e section-l e-flex e-con-boxed e-con e-parent\" data-id=\"00dba5e\" data-element_type=\"container\">\n\t\t\t\t\t<div class=\"e-con-inner\">\n\t\t<div class=\"elementor-element elementor-element-6c9a52d e-con-full e-flex e-con e-child\" data-id=\"6c9a52d\" data-element_type=\"container\">\n\t\t<div class=\"elementor-element elementor-element-d655fb0 e-con-full e-flex elementor-invisible e-con e-child\" data-id=\"d655fb0\" data-element_type=\"container\" data-settings=\"{&quot;background_background&quot;:&quot;classic&quot;,&quot;animation&quot;:&quot;fadeInLeft&quot;}\">\n\t\t\t\t<div class=\"elementor-element elementor-element-41669ff elementor-view-default elementor-widget elementor-widget-icon\" data-id=\"41669ff\" data-element_type=\"widget\" data-widget_type=\"icon.default\">\n\t\t\t\t<div class=\"elementor-widget-container\">\n\t\t\t\t\t\t\t<div class=\"elementor-icon-wrapper\">\n\t\t\t<div class=\"elementor-icon\">\n\t\t\t<i aria-hidden=\"true\" class=\"far fa-newspaper\"><\/i>\t\t\t<\/div>\n\t\t<\/div>\n\t\t\t\t\t\t<\/div>\n\t\t\t\t<\/div>\n\t\t\t\t<div class=\"elementor-element elementor-element-2296176 elementor-widget elementor-widget-heading\" data-id=\"2296176\" data-element_type=\"widget\" data-widget_type=\"heading.default\">\n\t\t\t\t<div class=\"elementor-widget-container\">\n\t\t\t\t\t<h2 class=\"elementor-heading-title elementor-size-default\">Publications scientifiques\n<\/h2>\t\t\t\t<\/div>\n\t\t\t\t<\/div>\n\t\t\t\t<div class=\"elementor-element elementor-element-89f033d elementor-widget elementor-widget-text-editor\" data-id=\"89f033d\" data-element_type=\"widget\" data-widget_type=\"text-editor.default\">\n\t\t\t\t<div class=\"elementor-widget-container\">\n\t\t\t\t\t\t\t\t\t<p>Les publications du partenaire de recherche Agroscope informent sur les nouvelles connaissances scientifiques relatives \u00e0 la production de fromage, de lait, de produits laitiers ainsi que d'autres aliments ferment\u00e9s.<\/p>\t\t\t\t\t\t\t\t<\/div>\n\t\t\t\t<\/div>\n\t\t\t\t<div class=\"elementor-element elementor-element-814e652 elementor-align-left elementor-widget elementor-widget-button\" data-id=\"814e652\" data-element_type=\"widget\" data-widget_type=\"button.default\">\n\t\t\t\t<div class=\"elementor-widget-container\">\n\t\t\t\t\t\t\t\t\t<div class=\"elementor-button-wrapper\">\n\t\t\t\t\t<a class=\"elementor-button elementor-button-link elementor-size-sm\" href=\"https:\/\/www.agroscope.admin.ch\/agroscope\/de\/home\/themen\/lebensmittel\/qualitaet\/kulturen\/publikationen.html\" target=\"_blank\">\n\t\t\t\t\t\t<span class=\"elementor-button-content-wrapper\">\n\t\t\t\t\t\t\t\t\t<span class=\"elementor-button-text\">Publications scientifiques Agroscope<\/span>\n\t\t\t\t\t<\/span>\n\t\t\t\t\t<\/a>\n\t\t\t\t<\/div>\n\t\t\t\t\t\t\t\t<\/div>\n\t\t\t\t<\/div>\n\t\t\t\t<\/div>\n\t\t<div class=\"elementor-element elementor-element-9715ce7 e-con-full e-flex elementor-invisible e-con e-child\" data-id=\"9715ce7\" data-element_type=\"container\" data-settings=\"{&quot;background_background&quot;:&quot;classic&quot;,&quot;animation&quot;:&quot;fadeInUp&quot;}\">\n\t\t\t\t<div class=\"elementor-element elementor-element-08ce002 elementor-view-default elementor-widget elementor-widget-icon\" data-id=\"08ce002\" data-element_type=\"widget\" data-widget_type=\"icon.default\">\n\t\t\t\t<div class=\"elementor-widget-container\">\n\t\t\t\t\t\t\t<div class=\"elementor-icon-wrapper\">\n\t\t\t<div class=\"elementor-icon\">\n\t\t\t<i aria-hidden=\"true\" class=\"fas fa-globe\"><\/i>\t\t\t<\/div>\n\t\t<\/div>\n\t\t\t\t\t\t<\/div>\n\t\t\t\t<\/div>\n\t\t\t\t<div class=\"elementor-element elementor-element-e87562e elementor-widget elementor-widget-heading\" data-id=\"e87562e\" data-element_type=\"widget\" data-widget_type=\"heading.default\">\n\t\t\t\t<div class=\"elementor-widget-container\">\n\t\t\t\t\t<h2 class=\"elementor-heading-title elementor-size-default\">Echo m\u00e9diatique\n<\/h2>\t\t\t\t<\/div>\n\t\t\t\t<\/div>\n\t\t\t\t<div class=\"elementor-element elementor-element-d99a42c elementor-align-left elementor-widget elementor-widget-button\" data-id=\"d99a42c\" data-element_type=\"widget\" data-widget_type=\"button.default\">\n\t\t\t\t<div class=\"elementor-widget-container\">\n\t\t\t\t\t\t\t\t\t<div class=\"elementor-button-wrapper\">\n\t\t\t\t\t<a class=\"elementor-button elementor-button-link elementor-size-sm\" href=\"https:\/\/www.liebefeld-kulturen.ch\/wp-content\/uploads\/2025\/05\/Bakterien_sind_Charaktersache.pdf\" target=\"_blank\">\n\t\t\t\t\t\t<span class=\"elementor-button-content-wrapper\">\n\t\t\t\t\t\t<span class=\"elementor-button-icon\">\n\t\t\t\t<i aria-hidden=\"true\" class=\"fas fa-file-pdf\"><\/i>\t\t\t<\/span>\n\t\t\t\t\t\t\t\t\t<span class=\"elementor-button-text\">alimenta 3\/2019, Stephan Moser : \"Les bact\u00e9ries sont une affaire de caract\u00e8re\". <\/span>\n\t\t\t\t\t<\/span>\n\t\t\t\t\t<\/a>\n\t\t\t\t<\/div>\n\t\t\t\t\t\t\t\t<\/div>\n\t\t\t\t<\/div>\n\t\t\t\t<div class=\"elementor-element elementor-element-e4275db elementor-align-left elementor-widget elementor-widget-button\" data-id=\"e4275db\" data-element_type=\"widget\" data-widget_type=\"button.default\">\n\t\t\t\t<div class=\"elementor-widget-container\">\n\t\t\t\t\t\t\t\t\t<div class=\"elementor-button-wrapper\">\n\t\t\t\t\t<a class=\"elementor-button elementor-button-link elementor-size-sm\" href=\"https:\/\/www.liebefeld-kulturen.ch\/wp-content\/uploads\/2025\/05\/MM_Fromarte_SMP_29.11.18.pdf\" target=\"_blank\">\n\t\t\t\t\t\t<span class=\"elementor-button-content-wrapper\">\n\t\t\t\t\t\t<span class=\"elementor-button-icon\">\n\t\t\t\t<i aria-hidden=\"true\" class=\"fas fa-file-pdf\"><\/i>\t\t\t<\/span>\n\t\t\t\t\t\t\t\t\t<span class=\"elementor-button-text\"> Communiqu\u00e9 de presse Fromarte\/Producteurs suisses de lait, 29.11.2018 : Les cultures fromag\u00e8res appartiennent conjointement \u00e0 la Conf\u00e9d\u00e9ration et \u00e0 la branche fromag\u00e8re suisse<\/span>\n\t\t\t\t\t<\/span>\n\t\t\t\t\t<\/a>\n\t\t\t\t<\/div>\n\t\t\t\t\t\t\t\t<\/div>\n\t\t\t\t<\/div>\n\t\t\t\t<div class=\"elementor-element elementor-element-55f931a elementor-align-left elementor-widget elementor-widget-button\" data-id=\"55f931a\" data-element_type=\"widget\" data-widget_type=\"button.default\">\n\t\t\t\t<div class=\"elementor-widget-container\">\n\t\t\t\t\t\t\t\t\t<div class=\"elementor-button-wrapper\">\n\t\t\t\t\t<a class=\"elementor-button elementor-button-link elementor-size-sm\" href=\"https:\/\/www.liebefeld-kulturen.ch\/wp-content\/uploads\/2025\/05\/MM_agroscope_29.11.18.pdf\" target=\"_blank\">\n\t\t\t\t\t\t<span class=\"elementor-button-content-wrapper\">\n\t\t\t\t\t\t<span class=\"elementor-button-icon\">\n\t\t\t\t<i aria-hidden=\"true\" class=\"fas fa-file-pdf\"><\/i>\t\t\t<\/span>\n\t\t\t\t\t\t\t\t\t<span class=\"elementor-button-text\"> Communiqu\u00e9 de presse agroscope, 29.11.2018 : Cultures fromag\u00e8res suisses en propri\u00e9t\u00e9 commune de la Conf\u00e9d\u00e9ration et de la branche<\/span>\n\t\t\t\t\t<\/span>\n\t\t\t\t\t<\/a>\n\t\t\t\t<\/div>\n\t\t\t\t\t\t\t\t<\/div>\n\t\t\t\t<\/div>\n\t\t\t\t<div class=\"elementor-element elementor-element-cf94185 elementor-align-left elementor-widget elementor-widget-button\" data-id=\"cf94185\" data-element_type=\"widget\" data-widget_type=\"button.default\">\n\t\t\t\t<div class=\"elementor-widget-container\">\n\t\t\t\t\t\t\t\t\t<div class=\"elementor-button-wrapper\">\n\t\t\t\t\t<a class=\"elementor-button elementor-button-link elementor-size-sm\" href=\"https:\/\/www.liebefeld-kulturen.ch\/wp-content\/uploads\/2025\/05\/Artikel_Le_matin_11.3.2018.pdf\" target=\"_blank\">\n\t\t\t\t\t\t<span class=\"elementor-button-content-wrapper\">\n\t\t\t\t\t\t<span class=\"elementor-button-icon\">\n\t\t\t\t<i aria-hidden=\"true\" class=\"fas fa-file-pdf\"><\/i>\t\t\t<\/span>\n\t\t\t\t\t\t\t\t\t<span class=\"elementor-button-text\"> Le matin dimanche, 11.3.2018 : La Conf\u00e9d\u00e9ration confie l'ADN des fromages suisses au secteur priv\u00e9<\/span>\n\t\t\t\t\t<\/span>\n\t\t\t\t\t<\/a>\n\t\t\t\t<\/div>\n\t\t\t\t\t\t\t\t<\/div>\n\t\t\t\t<\/div>\n\t\t\t\t<div class=\"elementor-element elementor-element-c45ad2c elementor-align-left elementor-widget elementor-widget-button\" data-id=\"c45ad2c\" data-element_type=\"widget\" data-widget_type=\"button.default\">\n\t\t\t\t<div class=\"elementor-widget-container\">\n\t\t\t\t\t\t\t\t\t<div class=\"elementor-button-wrapper\">\n\t\t\t\t\t<a class=\"elementor-button elementor-button-link elementor-size-sm\" href=\"https:\/\/www.liebefeld-kulturen.ch\/wp-content\/uploads\/2025\/05\/Ahmad_Agri_3_17.pdf\" target=\"_blank\">\n\t\t\t\t\t\t<span class=\"elementor-button-content-wrapper\">\n\t\t\t\t\t\t<span class=\"elementor-button-icon\">\n\t\t\t\t<i aria-hidden=\"true\" class=\"fas fa-file-pdf\"><\/i>\t\t\t<\/span>\n\t\t\t\t\t\t\t\t\t<span class=\"elementor-button-text\"> Agri 10.2.2017, R\u00e9ane Ahmad : \"Avec les cultures exclusives, les AOP fromag\u00e8res cherchent \u00e0 se diff\u00e9rencier\" <\/span>\n\t\t\t\t\t<\/span>\n\t\t\t\t\t<\/a>\n\t\t\t\t<\/div>\n\t\t\t\t\t\t\t\t<\/div>\n\t\t\t\t<\/div>\n\t\t\t\t<div class=\"elementor-element elementor-element-b6e5dbd elementor-align-left elementor-widget elementor-widget-button\" data-id=\"b6e5dbd\" data-element_type=\"widget\" data-widget_type=\"button.default\">\n\t\t\t\t<div class=\"elementor-widget-container\">\n\t\t\t\t\t\t\t\t\t<div class=\"elementor-button-wrapper\">\n\t\t\t\t\t<a class=\"elementor-button elementor-button-link elementor-size-sm\" href=\"https:\/\/www.srf.ch\/play\/tv\/schweiz-aktuell\/video\/milchbranche-wird-miteigentuemerin-der-schweizer-kaese-bakterien?id=89a8f99a-7b10-4003-a2b0-7a3b9059451a&#038;startTime=60\" target=\"_blank\">\n\t\t\t\t\t\t<span class=\"elementor-button-content-wrapper\">\n\t\t\t\t\t\t<span class=\"elementor-button-icon\">\n\t\t\t\t<i aria-hidden=\"true\" class=\"fas fa-external-link-alt\"><\/i>\t\t\t<\/span>\n\t\t\t\t\t\t\t\t\t<span class=\"elementor-button-text\"> Suisse Actualit\u00e9s, 29.11.2018 : \"Le secteur laitier devient copropri\u00e9taire des bact\u00e9ries fromag\u00e8res suisses\".<\/span>\n\t\t\t\t\t<\/span>\n\t\t\t\t\t<\/a>\n\t\t\t\t<\/div>\n\t\t\t\t\t\t\t\t<\/div>\n\t\t\t\t<\/div>\n\t\t\t\t<\/div>\n\t\t\t\t<\/div>\n\t\t\t\t\t<\/div>\n\t\t\t\t<\/div>\n\t\t\t\t<\/div>","protected":false},"excerpt":{"rendered":"<p>Publikationen &amp; Medien Wissenschaftliche Publikationen Die Publikationen der Forschungspartnerin Agroscope informieren \u00fcber neue wissenschaftliche Erkenntnisse rund um die Produktion von K\u00e4se, Milch, Milchprodukten sowie weiteren fermentierten Lebensmitteln. Wissenschaftliche Publikationen Agroscope Medienecho alimenta 3\/2019, Stephan Moser: \u00abBakterien sind Charaktersache\u00bb Medienmitteilung Fromarte\/Schweizer Milchproduzenten, 29.11.2018 : K\u00e4sekulturen geh\u00f6ren Bund und Schweizer K\u00e4sebranche gemeinsam Medienmitteilung agroscope, 29.11.2018: Schweizer K\u00e4sekulturen [&hellip;]<\/p>","protected":false},"author":1,"featured_media":0,"parent":0,"menu_order":0,"comment_status":"closed","ping_status":"closed","template":"","meta":{"_acf_changed":false,"iawp_total_views":180,"footnotes":""},"class_list":["post-343","page","type-page","status-publish","hentry"],"acf":[],"yoast_head":"<!-- This site is optimized with the Yoast SEO plugin v26.7 - https:\/\/yoast.com\/wordpress\/plugins\/seo\/ -->\n<title>Publikationen &amp; Medien \u2013 Liebefeld Kulturen AG Schweiz<\/title>\n<meta name=\"description\" content=\"Wissenschaftliche Publikationen zu K\u00e4se und Milchprodukten. Medienberichte \u00fcber Schweizer K\u00e4sekulturen und die Partnerschaft von Agroscope und Branche.\" \/>\n<meta name=\"robots\" content=\"index, follow, max-snippet:-1, max-image-preview:large, max-video-preview:-1\" \/>\n<link rel=\"canonical\" href=\"https:\/\/www.liebefeld-kulturen.ch\/fr\/en\/publikationen\/\" \/>\n<meta property=\"og:locale\" content=\"fr_FR\" \/>\n<meta property=\"og:type\" content=\"article\" \/>\n<meta property=\"og:title\" content=\"Publikationen &amp; Medien \u2013 Liebefeld Kulturen AG Schweiz\" \/>\n<meta property=\"og:description\" content=\"Wissenschaftliche Publikationen zu K\u00e4se und Milchprodukten. Medienberichte \u00fcber Schweizer K\u00e4sekulturen und die Partnerschaft von Agroscope und Branche.\" \/>\n<meta property=\"og:url\" content=\"https:\/\/www.liebefeld-kulturen.ch\/fr\/en\/publikationen\/\" \/>\n<meta property=\"og:site_name\" content=\"Liebefeld Kulturen AG\" \/>\n<meta property=\"article:publisher\" content=\"https:\/\/www.facebook.com\/agroscope\/\" \/>\n<meta property=\"article:modified_time\" content=\"2025-09-29T17:19:15+00:00\" \/>\n<meta name=\"twitter:card\" content=\"summary_large_image\" \/>\n<meta name=\"twitter:site\" content=\"@Agroscope\" \/>\n<meta name=\"twitter:label1\" content=\"Dur\u00e9e de lecture estim\u00e9e\" \/>\n\t<meta name=\"twitter:data1\" content=\"1 minute\" \/>\n<script type=\"application\/ld+json\" class=\"yoast-schema-graph\">{\"@context\":\"https:\/\/schema.org\",\"@graph\":[{\"@type\":\"WebPage\",\"@id\":\"https:\/\/www.liebefeld-kulturen.ch\/en\/publikationen\/\",\"url\":\"https:\/\/www.liebefeld-kulturen.ch\/en\/publikationen\/\",\"name\":\"Publikationen & Medien \u2013 Liebefeld Kulturen AG Schweiz\",\"isPartOf\":{\"@id\":\"https:\/\/www.liebefeld-kulturen.ch\/#website\"},\"datePublished\":\"2025-05-28T07:54:49+00:00\",\"dateModified\":\"2025-09-29T17:19:15+00:00\",\"description\":\"Wissenschaftliche Publikationen zu K\u00e4se und Milchprodukten. Medienberichte \u00fcber Schweizer K\u00e4sekulturen und die Partnerschaft von Agroscope und Branche.\",\"breadcrumb\":{\"@id\":\"https:\/\/www.liebefeld-kulturen.ch\/en\/publikationen\/#breadcrumb\"},\"inLanguage\":\"fr-FR\",\"potentialAction\":[{\"@type\":\"ReadAction\",\"target\":[\"https:\/\/www.liebefeld-kulturen.ch\/en\/publikationen\/\"]}]},{\"@type\":\"BreadcrumbList\",\"@id\":\"https:\/\/www.liebefeld-kulturen.ch\/en\/publikationen\/#breadcrumb\",\"itemListElement\":[{\"@type\":\"ListItem\",\"position\":1,\"name\":\"Startseite\",\"item\":\"https:\/\/www.liebefeld-kulturen.ch\/\"},{\"@type\":\"ListItem\",\"position\":2,\"name\":\"Publikationen\"}]},{\"@type\":\"WebSite\",\"@id\":\"https:\/\/www.liebefeld-kulturen.ch\/#website\",\"url\":\"https:\/\/www.liebefeld-kulturen.ch\/\",\"name\":\"Liebefeld Kulturen AG\",\"description\":\"Vielf\u00e4ltig. Vertrauensw\u00fcrdig. Sicher.\",\"publisher\":{\"@id\":\"https:\/\/www.liebefeld-kulturen.ch\/#organization\"},\"potentialAction\":[{\"@type\":\"SearchAction\",\"target\":{\"@type\":\"EntryPoint\",\"urlTemplate\":\"https:\/\/www.liebefeld-kulturen.ch\/?s={search_term_string}\"},\"query-input\":{\"@type\":\"PropertyValueSpecification\",\"valueRequired\":true,\"valueName\":\"search_term_string\"}}],\"inLanguage\":\"fr-FR\"},{\"@type\":\"Organization\",\"@id\":\"https:\/\/www.liebefeld-kulturen.ch\/#organization\",\"name\":\"Liebefeld Kulturen AG\",\"url\":\"https:\/\/www.liebefeld-kulturen.ch\/\",\"logo\":{\"@type\":\"ImageObject\",\"inLanguage\":\"fr-FR\",\"@id\":\"https:\/\/www.liebefeld-kulturen.ch\/#\/schema\/logo\/image\/\",\"url\":\"https:\/\/www.liebefeld-kulturen.ch\/wp-content\/uploads\/2025\/05\/Logo_Agroscope_Logo-etwas-weiter-unten.png\",\"contentUrl\":\"https:\/\/www.liebefeld-kulturen.ch\/wp-content\/uploads\/2025\/05\/Logo_Agroscope_Logo-etwas-weiter-unten.png\",\"width\":1021,\"height\":315,\"caption\":\"Liebefeld Kulturen AG\"},\"image\":{\"@id\":\"https:\/\/www.liebefeld-kulturen.ch\/#\/schema\/logo\/image\/\"},\"sameAs\":[\"https:\/\/www.facebook.com\/agroscope\/\",\"https:\/\/x.com\/Agroscope\",\"https:\/\/www.youtube.com\/user\/agroscopevideo\"]}]}<\/script>\n<!-- \/ Yoast SEO plugin. -->","yoast_head_json":{"title":"Publikationen & Medien \u2013 Liebefeld Kulturen AG Schweiz","description":"Wissenschaftliche Publikationen zu K\u00e4se und Milchprodukten. Medienberichte \u00fcber Schweizer K\u00e4sekulturen und die Partnerschaft von Agroscope und Branche.","robots":{"index":"index","follow":"follow","max-snippet":"max-snippet:-1","max-image-preview":"max-image-preview:large","max-video-preview":"max-video-preview:-1"},"canonical":"https:\/\/www.liebefeld-kulturen.ch\/fr\/en\/publikationen\/","og_locale":"fr_FR","og_type":"article","og_title":"Publikationen & Medien \u2013 Liebefeld Kulturen AG Schweiz","og_description":"Wissenschaftliche Publikationen zu K\u00e4se und Milchprodukten. Medienberichte \u00fcber Schweizer K\u00e4sekulturen und die Partnerschaft von Agroscope und Branche.","og_url":"https:\/\/www.liebefeld-kulturen.ch\/fr\/en\/publikationen\/","og_site_name":"Liebefeld Kulturen AG","article_publisher":"https:\/\/www.facebook.com\/agroscope\/","article_modified_time":"2025-09-29T17:19:15+00:00","twitter_card":"summary_large_image","twitter_site":"@Agroscope","twitter_misc":{"Dur\u00e9e de lecture estim\u00e9e":"1 minute"},"schema":{"@context":"https:\/\/schema.org","@graph":[{"@type":"WebPage","@id":"https:\/\/www.liebefeld-kulturen.ch\/en\/publikationen\/","url":"https:\/\/www.liebefeld-kulturen.ch\/en\/publikationen\/","name":"Publikationen & Medien \u2013 Liebefeld Kulturen AG Schweiz","isPartOf":{"@id":"https:\/\/www.liebefeld-kulturen.ch\/#website"},"datePublished":"2025-05-28T07:54:49+00:00","dateModified":"2025-09-29T17:19:15+00:00","description":"Wissenschaftliche Publikationen zu K\u00e4se und Milchprodukten. Medienberichte \u00fcber Schweizer K\u00e4sekulturen und die Partnerschaft von Agroscope und Branche.","breadcrumb":{"@id":"https:\/\/www.liebefeld-kulturen.ch\/en\/publikationen\/#breadcrumb"},"inLanguage":"fr-FR","potentialAction":[{"@type":"ReadAction","target":["https:\/\/www.liebefeld-kulturen.ch\/en\/publikationen\/"]}]},{"@type":"BreadcrumbList","@id":"https:\/\/www.liebefeld-kulturen.ch\/en\/publikationen\/#breadcrumb","itemListElement":[{"@type":"ListItem","position":1,"name":"Startseite","item":"https:\/\/www.liebefeld-kulturen.ch\/"},{"@type":"ListItem","position":2,"name":"Publikationen"}]},{"@type":"WebSite","@id":"https:\/\/www.liebefeld-kulturen.ch\/#website","url":"https:\/\/www.liebefeld-kulturen.ch\/","name":"Liebefeld Cultures SA","description":"Vielf\u00e4ltig. Vertrauensw\u00fcrdig. Sicher.","publisher":{"@id":"https:\/\/www.liebefeld-kulturen.ch\/#organization"},"potentialAction":[{"@type":"SearchAction","target":{"@type":"EntryPoint","urlTemplate":"https:\/\/www.liebefeld-kulturen.ch\/?s={search_term_string}"},"query-input":{"@type":"PropertyValueSpecification","valueRequired":true,"valueName":"search_term_string"}}],"inLanguage":"fr-FR"},{"@type":"Organization","@id":"https:\/\/www.liebefeld-kulturen.ch\/#organization","name":"Liebefeld Cultures SA","url":"https:\/\/www.liebefeld-kulturen.ch\/","logo":{"@type":"ImageObject","inLanguage":"fr-FR","@id":"https:\/\/www.liebefeld-kulturen.ch\/#\/schema\/logo\/image\/","url":"https:\/\/www.liebefeld-kulturen.ch\/wp-content\/uploads\/2025\/05\/Logo_Agroscope_Logo-etwas-weiter-unten.png","contentUrl":"https:\/\/www.liebefeld-kulturen.ch\/wp-content\/uploads\/2025\/05\/Logo_Agroscope_Logo-etwas-weiter-unten.png","width":1021,"height":315,"caption":"Liebefeld Kulturen AG"},"image":{"@id":"https:\/\/www.liebefeld-kulturen.ch\/#\/schema\/logo\/image\/"},"sameAs":["https:\/\/www.facebook.com\/agroscope\/","https:\/\/x.com\/Agroscope","https:\/\/www.youtube.com\/user\/agroscopevideo"]}]}},"_links":{"self":[{"href":"https:\/\/www.liebefeld-kulturen.ch\/fr\/wp-json\/wp\/v2\/pages\/343","targetHints":{"allow":["GET"]}}],"collection":[{"href":"https:\/\/www.liebefeld-kulturen.ch\/fr\/wp-json\/wp\/v2\/pages"}],"about":[{"href":"https:\/\/www.liebefeld-kulturen.ch\/fr\/wp-json\/wp\/v2\/types\/page"}],"author":[{"embeddable":true,"href":"https:\/\/www.liebefeld-kulturen.ch\/fr\/wp-json\/wp\/v2\/users\/1"}],"replies":[{"embeddable":true,"href":"https:\/\/www.liebefeld-kulturen.ch\/fr\/wp-json\/wp\/v2\/comments?post=343"}],"version-history":[{"count":3,"href":"https:\/\/www.liebefeld-kulturen.ch\/fr\/wp-json\/wp\/v2\/pages\/343\/revisions"}],"predecessor-version":[{"id":1237,"href":"https:\/\/www.liebefeld-kulturen.ch\/fr\/wp-json\/wp\/v2\/pages\/343\/revisions\/1237"}],"wp:attachment":[{"href":"https:\/\/www.liebefeld-kulturen.ch\/fr\/wp-json\/wp\/v2\/media?parent=343"}],"curies":[{"name":"wp","href":"https:\/\/api.w.org\/{rel}","templated":true}]}}