{"id":320,"date":"2025-05-28T09:36:44","date_gmt":"2025-05-28T07:36:44","guid":{"rendered":"https:\/\/liebe.avatalents.ch\/?page_id=320"},"modified":"2025-09-29T19:18:41","modified_gmt":"2025-09-29T17:18:41","slug":"ueber-uns","status":"publish","type":"page","link":"https:\/\/www.liebefeld-kulturen.ch\/fr\/ueber-uns\/","title":{"rendered":"Portrait"},"content":{"rendered":"<div data-elementor-type=\"wp-page\" data-elementor-id=\"320\" class=\"elementor elementor-320\" data-elementor-post-type=\"page\">\n\t\t\t\t<div class=\"elementor-element elementor-element-1ccb382 section-xl e-flex e-con-boxed e-con e-parent\" data-id=\"1ccb382\" data-element_type=\"container\" data-settings=\"{&quot;background_background&quot;:&quot;classic&quot;}\">\n\t\t\t\t\t<div class=\"e-con-inner\">\n\t\t\t\t<div class=\"elementor-element elementor-element-f0e80f4 elementor-invisible elementor-widget elementor-widget-heading\" data-id=\"f0e80f4\" data-element_type=\"widget\" data-settings=\"{&quot;_animation&quot;:&quot;fadeInUp&quot;}\" data-widget_type=\"heading.default\">\n\t\t\t\t<div class=\"elementor-widget-container\">\n\t\t\t\t\t<h1 class=\"elementor-heading-title elementor-size-default\">La soci\u00e9t\u00e9 Liebefeld Kulturen AG<\/h1>\t\t\t\t<\/div>\n\t\t\t\t<\/div>\n\t\t\t\t\t<\/div>\n\t\t\t\t<\/div>\n\t\t<div class=\"elementor-element elementor-element-6bb88c3 section-l e-flex e-con-boxed e-con e-parent\" data-id=\"6bb88c3\" data-element_type=\"container\">\n\t\t\t\t\t<div class=\"e-con-inner\">\n\t\t<div class=\"elementor-element elementor-element-8f84e48 e-con-full e-flex elementor-invisible e-con e-child\" data-id=\"8f84e48\" data-element_type=\"container\" data-settings=\"{&quot;background_background&quot;:&quot;classic&quot;,&quot;animation&quot;:&quot;fadeInUp&quot;}\">\n\t\t<div class=\"elementor-element elementor-element-76ba491 e-con-full e-flex e-con e-child\" data-id=\"76ba491\" data-element_type=\"container\">\n\t\t\t\t<div class=\"elementor-element elementor-element-eb2387b elementor-view-default elementor-widget elementor-widget-icon\" data-id=\"eb2387b\" data-element_type=\"widget\" data-widget_type=\"icon.default\">\n\t\t\t\t<div class=\"elementor-widget-container\">\n\t\t\t\t\t\t\t<div class=\"elementor-icon-wrapper\">\n\t\t\t<div class=\"elementor-icon\">\n\t\t\t<i aria-hidden=\"true\" class=\"fas fa-toolbox\"><\/i>\t\t\t<\/div>\n\t\t<\/div>\n\t\t\t\t\t\t<\/div>\n\t\t\t\t<\/div>\n\t\t\t\t<div class=\"elementor-element elementor-element-d1cbad4 elementor-widget__width-initial elementor-widget elementor-widget-heading\" data-id=\"d1cbad4\" data-element_type=\"widget\" data-widget_type=\"heading.default\">\n\t\t\t\t<div class=\"elementor-widget-container\">\n\t\t\t\t\t<h2 class=\"elementor-heading-title elementor-size-default\">Notre tr\u00e9sor le plus pr\u00e9cieux : la collection de souches\n<\/h2>\t\t\t\t<\/div>\n\t\t\t\t<\/div>\n\t\t\t\t<div class=\"elementor-element elementor-element-73ed9f4 elementor-widget elementor-widget-text-editor\" data-id=\"73ed9f4\" data-element_type=\"widget\" data-widget_type=\"text-editor.default\">\n\t\t\t\t<div class=\"elementor-widget-container\">\n\t\t\t\t\t\t\t\t\t<p>Liebefeld Kulturen AG a le droit exclusif de reproduire et de distribuer les cultures de fromages suisses de la collection de souches pour une utilisation commerciale.<br \/><br \/>Fin 2018, la branche laiti\u00e8re a r\u00e9ussi \u00e0 transf\u00e9rer la collection de souches dans la propri\u00e9t\u00e9 globale de la branche et de la Conf\u00e9d\u00e9ration. Elle est soigneusement entretenue et conserv\u00e9e par les partenaires : la Conf\u00e9d\u00e9ration (Agroscope) est responsable de la recherche et du d\u00e9veloppement, la branche laiti\u00e8re (Liebefeld Kulturen AG) de la reproduction et de la vente pour l'utilisation commerciale. Elle le fait dans le but de pr\u00e9server, de promouvoir et de d\u00e9velopper la recherche sur les cultures, d'entretenir la collection de souches et d'assurer au maximum la proximit\u00e9 de la branche dans la vente pour l'utilisation commerciale.<\/p>\t\t\t\t\t\t\t\t<\/div>\n\t\t\t\t<\/div>\n\t\t\t\t<\/div>\n\t\t<div class=\"elementor-element elementor-element-953f946 e-con-full e-flex e-con e-child\" data-id=\"953f946\" data-element_type=\"container\">\n\t\t\t\t<div class=\"elementor-element elementor-element-2d520c3 elementor-widget elementor-widget-image\" data-id=\"2d520c3\" data-element_type=\"widget\" data-widget_type=\"image.default\">\n\t\t\t\t<div class=\"elementor-widget-container\">\n\t\t\t\t\t\t\t\t\t\t\t\t\t\t\t<img fetchpriority=\"high\" decoding=\"async\" width=\"800\" height=\"600\" src=\"https:\/\/www.liebefeld-kulturen.ch\/wp-content\/uploads\/2025\/05\/UeberUns.webp\" class=\"attachment-large size-large wp-image-333\" alt=\"\" srcset=\"https:\/\/www.liebefeld-kulturen.ch\/wp-content\/uploads\/2025\/05\/UeberUns.webp 800w, https:\/\/www.liebefeld-kulturen.ch\/wp-content\/uploads\/2025\/05\/UeberUns-600x450.webp 600w, https:\/\/www.liebefeld-kulturen.ch\/wp-content\/uploads\/2025\/05\/UeberUns-300x225.webp 300w, https:\/\/www.liebefeld-kulturen.ch\/wp-content\/uploads\/2025\/05\/UeberUns-768x576.webp 768w\" sizes=\"(max-width: 800px) 100vw, 800px\" \/>\t\t\t\t\t\t\t\t\t\t\t\t\t\t\t<\/div>\n\t\t\t\t<\/div>\n\t\t\t\t<\/div>\n\t\t\t\t<\/div>\n\t\t<div class=\"elementor-element elementor-element-9debd42 e-con-full e-flex e-con e-child\" data-id=\"9debd42\" data-element_type=\"container\">\n\t\t<div class=\"elementor-element elementor-element-b180139 e-con-full e-flex e-con e-child\" data-id=\"b180139\" data-element_type=\"container\" data-settings=\"{&quot;background_background&quot;:&quot;classic&quot;}\">\n\t\t\t\t<div class=\"elementor-element elementor-element-079f445 elementor-view-default elementor-widget elementor-widget-icon\" data-id=\"079f445\" data-element_type=\"widget\" data-widget_type=\"icon.default\">\n\t\t\t\t<div class=\"elementor-widget-container\">\n\t\t\t\t\t\t\t<div class=\"elementor-icon-wrapper\">\n\t\t\t<div class=\"elementor-icon\">\n\t\t\t<i aria-hidden=\"true\" class=\"far fa-handshake\"><\/i>\t\t\t<\/div>\n\t\t<\/div>\n\t\t\t\t\t\t<\/div>\n\t\t\t\t<\/div>\n\t\t\t\t<div class=\"elementor-element elementor-element-510f5dc elementor-widget__width-initial elementor-widget elementor-widget-heading\" data-id=\"510f5dc\" data-element_type=\"widget\" data-widget_type=\"heading.default\">\n\t\t\t\t<div class=\"elementor-widget-container\">\n\t\t\t\t\t<h2 class=\"elementor-heading-title elementor-size-default\">Un large soutien : Partenariat public-priv\u00e9 avec la Conf\u00e9d\u00e9ration\n<\/h2>\t\t\t\t<\/div>\n\t\t\t\t<\/div>\n\t\t\t\t<div class=\"elementor-element elementor-element-267cace elementor-widget elementor-widget-text-editor\" data-id=\"267cace\" data-element_type=\"widget\" data-widget_type=\"text-editor.default\">\n\t\t\t\t<div class=\"elementor-widget-container\">\n\t\t\t\t\t\t\t\t\t<p>Les activit\u00e9s se basent sur le partenariat public-priv\u00e9 (PPP) form\u00e9 fin 2018 entre la Conf\u00e9d\u00e9ration (Agroscope) et le secteur laitier (Liebefeld Kulturen AG), c'est-\u00e0-dire par FROMARTE - les sp\u00e9cialistes suisses du fromage et ses f\u00e9d\u00e9rations r\u00e9gionales, les producteurs suisses de lait PSL, l'ensemble des 14 organisations de vari\u00e9t\u00e9s de fromage ainsi que 6 entreprises de transformation du lait.<br \/><br \/>Liebefeld Kulturen AG fait reproduire les cultures par Agroscope et les vend ensuite \u00e0 ses clients. Ainsi, le leadership actuel en mati\u00e8re de qualit\u00e9 de la production peut \u00eatre maintenu, voire d\u00e9velopp\u00e9, tout en restant au plus pr\u00e8s des clients et de la pratique.<\/p>\t\t\t\t\t\t\t\t<\/div>\n\t\t\t\t<\/div>\n\t\t\t\t<\/div>\n\t\t<div class=\"elementor-element elementor-element-94ec77c e-con-full e-flex e-con e-child\" data-id=\"94ec77c\" data-element_type=\"container\" data-settings=\"{&quot;background_background&quot;:&quot;classic&quot;}\">\n\t\t\t\t<div class=\"elementor-element elementor-element-26d9fd2 elementor-view-default elementor-widget elementor-widget-icon\" data-id=\"26d9fd2\" data-element_type=\"widget\" data-widget_type=\"icon.default\">\n\t\t\t\t<div class=\"elementor-widget-container\">\n\t\t\t\t\t\t\t<div class=\"elementor-icon-wrapper\">\n\t\t\t<div class=\"elementor-icon\">\n\t\t\t<i aria-hidden=\"true\" class=\"fas fa-universal-access\"><\/i>\t\t\t<\/div>\n\t\t<\/div>\n\t\t\t\t\t\t<\/div>\n\t\t\t\t<\/div>\n\t\t\t\t<div class=\"elementor-element elementor-element-1d5c515 elementor-widget__width-initial elementor-widget elementor-widget-heading\" data-id=\"1d5c515\" data-element_type=\"widget\" data-widget_type=\"heading.default\">\n\t\t\t\t<div class=\"elementor-widget-container\">\n\t\t\t\t\t<h2 class=\"elementor-heading-title elementor-size-default\">Diversit\u00e9 : plus de 500 fromageries produisent avec nos cultures\n<\/h2>\t\t\t\t<\/div>\n\t\t\t\t<\/div>\n\t\t\t\t<div class=\"elementor-element elementor-element-6edeaaa elementor-widget elementor-widget-text-editor\" data-id=\"6edeaaa\" data-element_type=\"widget\" data-widget_type=\"text-editor.default\">\n\t\t\t\t<div class=\"elementor-widget-container\">\n\t\t\t\t\t\t\t\t\t<div class=\"wrap\"><div id=\"primary\" class=\"content-area\"><p>Liebefeld Kulturen AG distribue les cultures principalement \u00e0 des fromageries artisanales dans toute la Suisse. L'assortiment comprend environ 40 cultures, dont deux tiers sont propos\u00e9es en qualit\u00e9 Bourgeon (Bio Suisse). La vente \u00e0 l'\u00e9tranger de cultures fromag\u00e8res suisses issues de la collection de base est interdite, ce qui permet d'assurer et de pr\u00e9server le patrimoine, l'ADN du fromage suisse, pour l'avenir \u00e9galement.<\/p><p>\u00a0<\/p><\/div><\/div><div class=\"elementor elementor-170 elementor-location-footer\" data-elementor-type=\"footer\" data-elementor-id=\"170\" data-elementor-post-type=\"elementor_library\"><section class=\"elementor-section elementor-top-section elementor-element elementor-element-01c6b78 elementor-section-boxed elementor-section-height-default elementor-section-height-default\" data-id=\"01c6b78\" data-element_type=\"section\"><div class=\"elementor-container elementor-column-gap-no\"><div class=\"elementor-column elementor-col-100 elementor-top-column elementor-element elementor-element-61be6b2\" data-id=\"61be6b2\" data-element_type=\"column\"><div class=\"elementor-widget-wrap elementor-element-populated\"><div class=\"elementor-element elementor-element-13f1437 elementor-widget elementor-widget-spacer\" data-id=\"13f1437\" data-element_type=\"widget\" data-widget_type=\"spacer.default\"><div class=\"elementor-widget-container\"><div class=\"elementor-spacer\">\u00a0<\/div><\/div><\/div><\/div><\/div><\/div><\/section><\/div>\t\t\t\t\t\t\t\t<\/div>\n\t\t\t\t<\/div>\n\t\t\t\t<\/div>\n\t\t\t\t<\/div>\n\t\t\t\t\t<\/div>\n\t\t\t\t<\/div>\n\t\t\t\t<\/div>","protected":false},"excerpt":{"rendered":"<p>Die Liebefeld Kulturen AG Unser wertvollster Schatz: die Stammsammlung Die Liebefeld Kulturen AG hat das exklusive Recht, die Schweizer K\u00e4sekulturen aus der Stammsammlung f\u00fcr den kommerziellen Einsatz zu reproduzieren und zu vertreiben. Ende 2018 ist es der Milchbranche gelungen, die Stammsammlung in das Gesamteigentum der Branche und des Bundes zu \u00fcberf\u00fchren. Sie wird von den [&hellip;]<\/p>","protected":false},"author":1,"featured_media":0,"parent":0,"menu_order":0,"comment_status":"closed","ping_status":"closed","template":"","meta":{"_acf_changed":false,"iawp_total_views":450,"footnotes":""},"class_list":["post-320","page","type-page","status-publish","hentry"],"acf":[],"yoast_head":"<!-- This site is optimized with the Yoast SEO plugin v26.7 - https:\/\/yoast.com\/wordpress\/plugins\/seo\/ -->\n<title>\u00dcber uns \u2013 Liebefeld Kulturen AG | Schweizer K\u00e4sekultur<\/title>\n<meta name=\"description\" content=\"Die Liebefeld Kulturen AG reproduziert und vertreibt exklusive Schweizer K\u00e4sekulturen aus der Stammsammlung. Public Private Partnership mit Agroscope.\" \/>\n<meta name=\"robots\" content=\"index, follow, max-snippet:-1, max-image-preview:large, max-video-preview:-1\" \/>\n<link rel=\"canonical\" href=\"https:\/\/www.liebefeld-kulturen.ch\/fr\/ueber-uns\/\" \/>\n<meta property=\"og:locale\" content=\"fr_FR\" \/>\n<meta property=\"og:type\" content=\"article\" \/>\n<meta property=\"og:title\" content=\"\u00dcber uns \u2013 Liebefeld Kulturen AG | Schweizer K\u00e4sekultur\" \/>\n<meta property=\"og:description\" content=\"Die Liebefeld Kulturen AG reproduziert und vertreibt exklusive Schweizer K\u00e4sekulturen aus der Stammsammlung. Public Private Partnership mit Agroscope.\" \/>\n<meta property=\"og:url\" content=\"https:\/\/www.liebefeld-kulturen.ch\/fr\/ueber-uns\/\" \/>\n<meta property=\"og:site_name\" content=\"Liebefeld Kulturen AG\" \/>\n<meta property=\"article:publisher\" content=\"https:\/\/www.facebook.com\/agroscope\/\" \/>\n<meta property=\"article:modified_time\" content=\"2025-09-29T17:18:41+00:00\" \/>\n<meta property=\"og:image\" content=\"https:\/\/www.liebefeld-kulturen.ch\/wp-content\/uploads\/2025\/05\/UeberUns.webp\" \/>\n<meta name=\"twitter:card\" content=\"summary_large_image\" \/>\n<meta name=\"twitter:site\" content=\"@Agroscope\" \/>\n<meta name=\"twitter:label1\" content=\"Dur\u00e9e de lecture estim\u00e9e\" \/>\n\t<meta name=\"twitter:data1\" content=\"2 minutes\" \/>\n<script type=\"application\/ld+json\" class=\"yoast-schema-graph\">{\"@context\":\"https:\/\/schema.org\",\"@graph\":[{\"@type\":\"WebPage\",\"@id\":\"https:\/\/www.liebefeld-kulturen.ch\/ueber-uns\/\",\"url\":\"https:\/\/www.liebefeld-kulturen.ch\/ueber-uns\/\",\"name\":\"\u00dcber uns \u2013 Liebefeld Kulturen AG | Schweizer K\u00e4sekultur\",\"isPartOf\":{\"@id\":\"https:\/\/www.liebefeld-kulturen.ch\/#website\"},\"primaryImageOfPage\":{\"@id\":\"https:\/\/www.liebefeld-kulturen.ch\/ueber-uns\/#primaryimage\"},\"image\":{\"@id\":\"https:\/\/www.liebefeld-kulturen.ch\/ueber-uns\/#primaryimage\"},\"thumbnailUrl\":\"https:\/\/www.liebefeld-kulturen.ch\/wp-content\/uploads\/2025\/05\/UeberUns.webp\",\"datePublished\":\"2025-05-28T07:36:44+00:00\",\"dateModified\":\"2025-09-29T17:18:41+00:00\",\"description\":\"Die Liebefeld Kulturen AG reproduziert und vertreibt exklusive Schweizer K\u00e4sekulturen aus der Stammsammlung. Public Private Partnership mit Agroscope.\",\"breadcrumb\":{\"@id\":\"https:\/\/www.liebefeld-kulturen.ch\/ueber-uns\/#breadcrumb\"},\"inLanguage\":\"fr-FR\",\"potentialAction\":[{\"@type\":\"ReadAction\",\"target\":[\"https:\/\/www.liebefeld-kulturen.ch\/ueber-uns\/\"]}]},{\"@type\":\"ImageObject\",\"inLanguage\":\"fr-FR\",\"@id\":\"https:\/\/www.liebefeld-kulturen.ch\/ueber-uns\/#primaryimage\",\"url\":\"https:\/\/www.liebefeld-kulturen.ch\/wp-content\/uploads\/2025\/05\/UeberUns.webp\",\"contentUrl\":\"https:\/\/www.liebefeld-kulturen.ch\/wp-content\/uploads\/2025\/05\/UeberUns.webp\"},{\"@type\":\"BreadcrumbList\",\"@id\":\"https:\/\/www.liebefeld-kulturen.ch\/ueber-uns\/#breadcrumb\",\"itemListElement\":[{\"@type\":\"ListItem\",\"position\":1,\"name\":\"Startseite\",\"item\":\"https:\/\/www.liebefeld-kulturen.ch\/\"},{\"@type\":\"ListItem\",\"position\":2,\"name\":\"\u00dcber uns\"}]},{\"@type\":\"WebSite\",\"@id\":\"https:\/\/www.liebefeld-kulturen.ch\/#website\",\"url\":\"https:\/\/www.liebefeld-kulturen.ch\/\",\"name\":\"Liebefeld Kulturen AG\",\"description\":\"Vielf\u00e4ltig. Vertrauensw\u00fcrdig. Sicher.\",\"publisher\":{\"@id\":\"https:\/\/www.liebefeld-kulturen.ch\/#organization\"},\"potentialAction\":[{\"@type\":\"SearchAction\",\"target\":{\"@type\":\"EntryPoint\",\"urlTemplate\":\"https:\/\/www.liebefeld-kulturen.ch\/?s={search_term_string}\"},\"query-input\":{\"@type\":\"PropertyValueSpecification\",\"valueRequired\":true,\"valueName\":\"search_term_string\"}}],\"inLanguage\":\"fr-FR\"},{\"@type\":\"Organization\",\"@id\":\"https:\/\/www.liebefeld-kulturen.ch\/#organization\",\"name\":\"Liebefeld Kulturen AG\",\"url\":\"https:\/\/www.liebefeld-kulturen.ch\/\",\"logo\":{\"@type\":\"ImageObject\",\"inLanguage\":\"fr-FR\",\"@id\":\"https:\/\/www.liebefeld-kulturen.ch\/#\/schema\/logo\/image\/\",\"url\":\"https:\/\/www.liebefeld-kulturen.ch\/wp-content\/uploads\/2025\/05\/Logo_Agroscope_Logo-etwas-weiter-unten.png\",\"contentUrl\":\"https:\/\/www.liebefeld-kulturen.ch\/wp-content\/uploads\/2025\/05\/Logo_Agroscope_Logo-etwas-weiter-unten.png\",\"width\":1021,\"height\":315,\"caption\":\"Liebefeld Kulturen AG\"},\"image\":{\"@id\":\"https:\/\/www.liebefeld-kulturen.ch\/#\/schema\/logo\/image\/\"},\"sameAs\":[\"https:\/\/www.facebook.com\/agroscope\/\",\"https:\/\/x.com\/Agroscope\",\"https:\/\/www.youtube.com\/user\/agroscopevideo\"]}]}<\/script>\n<!-- \/ Yoast SEO plugin. -->","yoast_head_json":{"title":"\u00dcber uns \u2013 Liebefeld Kulturen AG | Schweizer K\u00e4sekultur","description":"Die Liebefeld Kulturen AG reproduziert und vertreibt exklusive Schweizer K\u00e4sekulturen aus der Stammsammlung. Public Private Partnership mit Agroscope.","robots":{"index":"index","follow":"follow","max-snippet":"max-snippet:-1","max-image-preview":"max-image-preview:large","max-video-preview":"max-video-preview:-1"},"canonical":"https:\/\/www.liebefeld-kulturen.ch\/fr\/ueber-uns\/","og_locale":"fr_FR","og_type":"article","og_title":"\u00dcber uns \u2013 Liebefeld Kulturen AG | Schweizer K\u00e4sekultur","og_description":"Die Liebefeld Kulturen AG reproduziert und vertreibt exklusive Schweizer K\u00e4sekulturen aus der Stammsammlung. Public Private Partnership mit Agroscope.","og_url":"https:\/\/www.liebefeld-kulturen.ch\/fr\/ueber-uns\/","og_site_name":"Liebefeld Kulturen AG","article_publisher":"https:\/\/www.facebook.com\/agroscope\/","article_modified_time":"2025-09-29T17:18:41+00:00","og_image":[{"url":"https:\/\/www.liebefeld-kulturen.ch\/wp-content\/uploads\/2025\/05\/UeberUns.webp","type":"","width":"","height":""}],"twitter_card":"summary_large_image","twitter_site":"@Agroscope","twitter_misc":{"Dur\u00e9e de lecture estim\u00e9e":"2 minutes"},"schema":{"@context":"https:\/\/schema.org","@graph":[{"@type":"WebPage","@id":"https:\/\/www.liebefeld-kulturen.ch\/ueber-uns\/","url":"https:\/\/www.liebefeld-kulturen.ch\/ueber-uns\/","name":"\u00dcber uns \u2013 Liebefeld Kulturen AG | Schweizer K\u00e4sekultur","isPartOf":{"@id":"https:\/\/www.liebefeld-kulturen.ch\/#website"},"primaryImageOfPage":{"@id":"https:\/\/www.liebefeld-kulturen.ch\/ueber-uns\/#primaryimage"},"image":{"@id":"https:\/\/www.liebefeld-kulturen.ch\/ueber-uns\/#primaryimage"},"thumbnailUrl":"https:\/\/www.liebefeld-kulturen.ch\/wp-content\/uploads\/2025\/05\/UeberUns.webp","datePublished":"2025-05-28T07:36:44+00:00","dateModified":"2025-09-29T17:18:41+00:00","description":"Die Liebefeld Kulturen AG reproduziert und vertreibt exklusive Schweizer K\u00e4sekulturen aus der Stammsammlung. Public Private Partnership mit Agroscope.","breadcrumb":{"@id":"https:\/\/www.liebefeld-kulturen.ch\/ueber-uns\/#breadcrumb"},"inLanguage":"fr-FR","potentialAction":[{"@type":"ReadAction","target":["https:\/\/www.liebefeld-kulturen.ch\/ueber-uns\/"]}]},{"@type":"ImageObject","inLanguage":"fr-FR","@id":"https:\/\/www.liebefeld-kulturen.ch\/ueber-uns\/#primaryimage","url":"https:\/\/www.liebefeld-kulturen.ch\/wp-content\/uploads\/2025\/05\/UeberUns.webp","contentUrl":"https:\/\/www.liebefeld-kulturen.ch\/wp-content\/uploads\/2025\/05\/UeberUns.webp"},{"@type":"BreadcrumbList","@id":"https:\/\/www.liebefeld-kulturen.ch\/ueber-uns\/#breadcrumb","itemListElement":[{"@type":"ListItem","position":1,"name":"Startseite","item":"https:\/\/www.liebefeld-kulturen.ch\/"},{"@type":"ListItem","position":2,"name":"\u00dcber uns"}]},{"@type":"WebSite","@id":"https:\/\/www.liebefeld-kulturen.ch\/#website","url":"https:\/\/www.liebefeld-kulturen.ch\/","name":"Liebefeld Cultures SA","description":"Vielf\u00e4ltig. Vertrauensw\u00fcrdig. Sicher.","publisher":{"@id":"https:\/\/www.liebefeld-kulturen.ch\/#organization"},"potentialAction":[{"@type":"SearchAction","target":{"@type":"EntryPoint","urlTemplate":"https:\/\/www.liebefeld-kulturen.ch\/?s={search_term_string}"},"query-input":{"@type":"PropertyValueSpecification","valueRequired":true,"valueName":"search_term_string"}}],"inLanguage":"fr-FR"},{"@type":"Organization","@id":"https:\/\/www.liebefeld-kulturen.ch\/#organization","name":"Liebefeld Cultures SA","url":"https:\/\/www.liebefeld-kulturen.ch\/","logo":{"@type":"ImageObject","inLanguage":"fr-FR","@id":"https:\/\/www.liebefeld-kulturen.ch\/#\/schema\/logo\/image\/","url":"https:\/\/www.liebefeld-kulturen.ch\/wp-content\/uploads\/2025\/05\/Logo_Agroscope_Logo-etwas-weiter-unten.png","contentUrl":"https:\/\/www.liebefeld-kulturen.ch\/wp-content\/uploads\/2025\/05\/Logo_Agroscope_Logo-etwas-weiter-unten.png","width":1021,"height":315,"caption":"Liebefeld Kulturen AG"},"image":{"@id":"https:\/\/www.liebefeld-kulturen.ch\/#\/schema\/logo\/image\/"},"sameAs":["https:\/\/www.facebook.com\/agroscope\/","https:\/\/x.com\/Agroscope","https:\/\/www.youtube.com\/user\/agroscopevideo"]}]}},"_links":{"self":[{"href":"https:\/\/www.liebefeld-kulturen.ch\/fr\/wp-json\/wp\/v2\/pages\/320","targetHints":{"allow":["GET"]}}],"collection":[{"href":"https:\/\/www.liebefeld-kulturen.ch\/fr\/wp-json\/wp\/v2\/pages"}],"about":[{"href":"https:\/\/www.liebefeld-kulturen.ch\/fr\/wp-json\/wp\/v2\/types\/page"}],"author":[{"embeddable":true,"href":"https:\/\/www.liebefeld-kulturen.ch\/fr\/wp-json\/wp\/v2\/users\/1"}],"replies":[{"embeddable":true,"href":"https:\/\/www.liebefeld-kulturen.ch\/fr\/wp-json\/wp\/v2\/comments?post=320"}],"version-history":[{"count":3,"href":"https:\/\/www.liebefeld-kulturen.ch\/fr\/wp-json\/wp\/v2\/pages\/320\/revisions"}],"predecessor-version":[{"id":1234,"href":"https:\/\/www.liebefeld-kulturen.ch\/fr\/wp-json\/wp\/v2\/pages\/320\/revisions\/1234"}],"wp:attachment":[{"href":"https:\/\/www.liebefeld-kulturen.ch\/fr\/wp-json\/wp\/v2\/media?parent=320"}],"curies":[{"name":"wp","href":"https:\/\/api.w.org\/{rel}","templated":true}]}}