{"id":1546,"date":"2026-02-11T11:44:57","date_gmt":"2026-02-11T10:44:57","guid":{"rendered":"https:\/\/www.liebefeld-kulturen.ch\/?page_id=1546"},"modified":"2026-02-13T13:16:59","modified_gmt":"2026-02-13T12:16:59","slug":"aktuelles","status":"publish","type":"page","link":"https:\/\/www.liebefeld-kulturen.ch\/fr\/aktuelles\/","title":{"rendered":"Actualit\u00e9s"},"content":{"rendered":"<div data-elementor-type=\"wp-page\" data-elementor-id=\"1546\" class=\"elementor elementor-1546\" data-elementor-post-type=\"page\">\n\t\t\t\t<div class=\"elementor-element elementor-element-1ccb382 section-xl e-flex e-con-boxed e-con e-parent\" data-id=\"1ccb382\" data-element_type=\"container\" data-settings=\"{&quot;background_background&quot;:&quot;classic&quot;}\">\n\t\t\t\t\t<div class=\"e-con-inner\">\n\t\t\t\t<div class=\"elementor-element elementor-element-f0e80f4 elementor-invisible elementor-widget elementor-widget-heading\" data-id=\"f0e80f4\" data-element_type=\"widget\" data-settings=\"{&quot;_animation&quot;:&quot;fadeInUp&quot;}\" data-widget_type=\"heading.default\">\n\t\t\t\t<div class=\"elementor-widget-container\">\n\t\t\t\t\t<h2 class=\"elementor-heading-title elementor-size-default\">Actualit\u00e9s<\/h2>\t\t\t\t<\/div>\n\t\t\t\t<\/div>\n\t\t\t\t\t<\/div>\n\t\t\t\t<\/div>\n\t\t<div class=\"elementor-element elementor-element-0aff2d3 section-l e-flex e-con-boxed e-con e-parent\" data-id=\"0aff2d3\" data-element_type=\"container\" id=\"spezifikationen\">\n\t\t\t\t\t<div class=\"e-con-inner\">\n\t\t\t\t<div class=\"elementor-element elementor-element-8aa19ab elementor-widget elementor-widget-heading\" data-id=\"8aa19ab\" data-element_type=\"widget\" data-widget_type=\"heading.default\">\n\t\t\t\t<div class=\"elementor-widget-container\">\n\t\t\t\t\t<h2 class=\"elementor-heading-title elementor-size-default\">Vous trouverez ici des informations importantes<\/h2>\t\t\t\t<\/div>\n\t\t\t\t<\/div>\n\t\t\t\t<div class=\"elementor-element elementor-element-8fa067a elementor-widget-divider--separator-type-pattern elementor-widget-divider--no-spacing elementor-widget-divider--view-line elementor-widget elementor-widget-divider\" data-id=\"8fa067a\" data-element_type=\"widget\" data-widget_type=\"divider.default\">\n\t\t\t\t<div class=\"elementor-widget-container\">\n\t\t\t\t\t\t\t<div class=\"elementor-divider\" style=\"--divider-pattern-url: url(&quot;data:image\/svg+xml,%3Csvg xmlns=&#039;http:\/\/www.w3.org\/2000\/svg&#039; preserveAspectRatio=&#039;xMidYMid meet&#039; overflow=&#039;visible&#039; height=&#039;100%&#039; viewBox=&#039;0 0 126 26&#039; fill=&#039;black&#039; stroke=&#039;none&#039;%3E%3Cpath d=&#039;M3,10.2c2.6,0,2.6,2,2.6,3.2S4.4,16.5,3,16.5s-3-1.4-3-3.2S0.4,10.2,3,10.2z M18.8,10.2c1.7,0,3.2,1.4,3.2,3.2s-1.4,3.2-3.2,3.2c-1.7,0-3.2-1.4-3.2-3.2S17,10.2,18.8,10.2z M34.6,10.2c1.5,0,2.6,1.4,2.6,3.2s-0.5,3.2-1.9,3.2c-1.5,0-3.4-1.4-3.4-3.2S33.1,10.2,34.6,10.2z M50.5,10.2c1.7,0,3.2,1.4,3.2,3.2s-1.4,3.2-3.2,3.2c-1.7,0-3.3-0.9-3.3-2.6S48.7,10.2,50.5,10.2z M66.2,10.2c1.5,0,3.4,1.4,3.4,3.2s-1.9,3.2-3.4,3.2c-1.5,0-2.6-0.4-2.6-2.1S64.8,10.2,66.2,10.2z M82.2,10.2c1.7,0.8,2.6,1.4,2.6,3.2s-0.1,3.2-1.6,3.2c-1.5,0-3.7-1.4-3.7-3.2S80.5,9.4,82.2,10.2zM98.6,10.2c1.5,0,2.6,0.4,2.6,2.1s-1.2,4.2-2.6,4.2c-1.5,0-3.7-0.4-3.7-2.1S97.1,10.2,98.6,10.2z M113.4,10.2c1.2,0,2.2,0.9,2.2,3.2s-0.1,3.2-1.3,3.2s-3.1-1.4-3.1-3.2S112.2,10.2,113.4,10.2z&#039;\/%3E%3C\/svg%3E&quot;);\">\n\t\t\t<span class=\"elementor-divider-separator\">\n\t\t\t\t\t\t<\/span>\n\t\t<\/div>\n\t\t\t\t\t\t<\/div>\n\t\t\t\t<\/div>\n\t\t<div class=\"elementor-element elementor-element-79ca312 e-con-full e-flex e-con e-child\" data-id=\"79ca312\" data-element_type=\"container\">\n\t\t<div class=\"elementor-element elementor-element-e35710a e-con-full e-flex e-con e-child\" data-id=\"e35710a\" data-element_type=\"container\">\n\t\t\t\t<div class=\"elementor-element elementor-element-8d769f0 elementor-widget elementor-widget-n-accordion\" data-id=\"8d769f0\" data-element_type=\"widget\" data-settings=\"{&quot;default_state&quot;:&quot;all_collapsed&quot;,&quot;max_items_expended&quot;:&quot;one&quot;,&quot;n_accordion_animation_duration&quot;:{&quot;unit&quot;:&quot;ms&quot;,&quot;size&quot;:400,&quot;sizes&quot;:[]}}\" data-widget_type=\"nested-accordion.default\">\n\t\t\t\t<div class=\"elementor-widget-container\">\n\t\t\t\t\t\t\t<div class=\"e-n-accordion\" aria-label=\"L&#039;accord\u00e9on. Ouvre les liens avec Enter ou Space, ferme avec Escape, et navigue avec Arrow Keys.\">\n\t\t\t\t\t\t<details id=\"e-n-accordion-item-1480\" class=\"e-n-accordion-item\" >\n\t\t\t\t<summary class=\"e-n-accordion-item-title\" data-accordion-index=\"1\" tabindex=\"0\" aria-expanded=\"false\" aria-controls=\"e-n-accordion-item-1480\" >\n\t\t\t\t\t<span class='e-n-accordion-item-title-header'><div class=\"e-n-accordion-item-title-text\"> Actualit\u00e9s <\/div><\/span>\n\t\t\t\t\t\t\t<span class='e-n-accordion-item-title-icon'>\n\t\t\t<span class='e-opened' ><i aria-hidden=\"true\" class=\"fas fa-minus\"><\/i><\/span>\n\t\t\t<span class='e-closed'><i aria-hidden=\"true\" class=\"fas fa-plus\"><\/i><\/span>\n\t\t<\/span>\n\n\t\t\t\t\t\t<\/summary>\n\t\t\t\t<div role=\"region\" aria-labelledby=\"e-n-accordion-item-1480\" class=\"elementor-element elementor-element-1100cb3 e-con-full e-flex e-con e-child\" data-id=\"1100cb3\" data-element_type=\"container\">\n\t\t<div role=\"region\" aria-labelledby=\"e-n-accordion-item-1480\" class=\"elementor-element elementor-element-2f57fd6 e-flex e-con-boxed e-con e-child\" data-id=\"2f57fd6\" data-element_type=\"container\">\n\t\t\t\t\t<div class=\"e-con-inner\">\n\t\t\t\t<div class=\"elementor-element elementor-element-aedd6e4 elementor-widget elementor-widget-text-editor\" data-id=\"aedd6e4\" data-element_type=\"widget\" data-widget_type=\"text-editor.default\">\n\t\t\t\t<div class=\"elementor-widget-container\">\n\t\t\t\t\t\t\t\t\t<p>Aucune annonce pour le moment.<\/p>\t\t\t\t\t\t\t\t<\/div>\n\t\t\t\t<\/div>\n\t\t\t\t\t<\/div>\n\t\t\t\t<\/div>\n\t\t\t\t<\/div>\n\t\t\t\t\t<\/details>\n\t\t\t\t\t<\/div>\n\t\t\t\t\t\t<\/div>\n\t\t\t\t<\/div>\n\t\t\t\t<\/div>\n\t\t\t\t<\/div>\n\t\t\t\t\t<\/div>\n\t\t\t\t<\/div>\n\t\t\t\t<\/div>","protected":false},"excerpt":{"rendered":"<p>Aktuelles Hier finden Sie wichtige Informationen Aktuelle Mitteilungen Aktuell keine Mitteilungen. Aktuell keine Mitteilungen.<\/p>","protected":false},"author":1,"featured_media":0,"parent":0,"menu_order":0,"comment_status":"closed","ping_status":"closed","template":"","meta":{"_acf_changed":false,"iawp_total_views":63,"footnotes":""},"class_list":["post-1546","page","type-page","status-publish","hentry"],"acf":[],"yoast_head":"<!-- This site is optimized with the Yoast SEO plugin v26.7 - https:\/\/yoast.com\/wordpress\/plugins\/seo\/ -->\n<title>K\u00e4sekulturen f\u00fcr Schweizer K\u00e4se | Liebefeld Aktuelles<\/title>\n<meta name=\"description\" content=\"\u00dcber 40 Schweizer K\u00e4sekulturen aus 100-j\u00e4hriger Forschung. Mesophile, thermophile und vegane Kulturen f\u00fcr K\u00e4se, Joghurt und fermentierte Milchprodukte.\" \/>\n<meta name=\"robots\" content=\"index, follow, max-snippet:-1, max-image-preview:large, max-video-preview:-1\" \/>\n<link rel=\"canonical\" href=\"https:\/\/www.liebefeld-kulturen.ch\/fr\/aktuelles\/\" \/>\n<meta property=\"og:locale\" content=\"fr_FR\" \/>\n<meta property=\"og:type\" content=\"article\" \/>\n<meta property=\"og:title\" content=\"K\u00e4sekulturen f\u00fcr Schweizer K\u00e4se | Liebefeld Aktuelles\" \/>\n<meta property=\"og:description\" content=\"\u00dcber 40 Schweizer K\u00e4sekulturen aus 100-j\u00e4hriger Forschung. Mesophile, thermophile und vegane Kulturen f\u00fcr K\u00e4se, Joghurt und fermentierte Milchprodukte.\" \/>\n<meta property=\"og:url\" content=\"https:\/\/www.liebefeld-kulturen.ch\/fr\/aktuelles\/\" \/>\n<meta property=\"og:site_name\" content=\"Liebefeld Kulturen AG\" \/>\n<meta property=\"article:publisher\" content=\"https:\/\/www.facebook.com\/agroscope\/\" \/>\n<meta property=\"article:modified_time\" content=\"2026-02-13T12:16:59+00:00\" \/>\n<meta name=\"twitter:card\" content=\"summary_large_image\" \/>\n<meta name=\"twitter:site\" content=\"@Agroscope\" \/>\n<meta name=\"twitter:label1\" content=\"Dur\u00e9e de lecture estim\u00e9e\" \/>\n\t<meta name=\"twitter:data1\" content=\"1 minute\" \/>\n<script type=\"application\/ld+json\" class=\"yoast-schema-graph\">{\"@context\":\"https:\/\/schema.org\",\"@graph\":[{\"@type\":\"WebPage\",\"@id\":\"https:\/\/www.liebefeld-kulturen.ch\/aktuelles\/\",\"url\":\"https:\/\/www.liebefeld-kulturen.ch\/aktuelles\/\",\"name\":\"K\u00e4sekulturen f\u00fcr Schweizer K\u00e4se | Liebefeld Aktuelles\",\"isPartOf\":{\"@id\":\"https:\/\/www.liebefeld-kulturen.ch\/#website\"},\"datePublished\":\"2026-02-11T10:44:57+00:00\",\"dateModified\":\"2026-02-13T12:16:59+00:00\",\"description\":\"\u00dcber 40 Schweizer K\u00e4sekulturen aus 100-j\u00e4hriger Forschung. Mesophile, thermophile und vegane Kulturen f\u00fcr K\u00e4se, Joghurt und fermentierte Milchprodukte.\",\"breadcrumb\":{\"@id\":\"https:\/\/www.liebefeld-kulturen.ch\/aktuelles\/#breadcrumb\"},\"inLanguage\":\"fr-FR\",\"potentialAction\":[{\"@type\":\"ReadAction\",\"target\":[\"https:\/\/www.liebefeld-kulturen.ch\/aktuelles\/\"]}]},{\"@type\":\"BreadcrumbList\",\"@id\":\"https:\/\/www.liebefeld-kulturen.ch\/aktuelles\/#breadcrumb\",\"itemListElement\":[{\"@type\":\"ListItem\",\"position\":1,\"name\":\"Startseite\",\"item\":\"https:\/\/www.liebefeld-kulturen.ch\/\"},{\"@type\":\"ListItem\",\"position\":2,\"name\":\"Aktuelles\"}]},{\"@type\":\"WebSite\",\"@id\":\"https:\/\/www.liebefeld-kulturen.ch\/#website\",\"url\":\"https:\/\/www.liebefeld-kulturen.ch\/\",\"name\":\"Liebefeld Kulturen AG\",\"description\":\"Vielf\u00e4ltig. Vertrauensw\u00fcrdig. Sicher.\",\"publisher\":{\"@id\":\"https:\/\/www.liebefeld-kulturen.ch\/#organization\"},\"potentialAction\":[{\"@type\":\"SearchAction\",\"target\":{\"@type\":\"EntryPoint\",\"urlTemplate\":\"https:\/\/www.liebefeld-kulturen.ch\/?s={search_term_string}\"},\"query-input\":{\"@type\":\"PropertyValueSpecification\",\"valueRequired\":true,\"valueName\":\"search_term_string\"}}],\"inLanguage\":\"fr-FR\"},{\"@type\":\"Organization\",\"@id\":\"https:\/\/www.liebefeld-kulturen.ch\/#organization\",\"name\":\"Liebefeld Kulturen AG\",\"url\":\"https:\/\/www.liebefeld-kulturen.ch\/\",\"logo\":{\"@type\":\"ImageObject\",\"inLanguage\":\"fr-FR\",\"@id\":\"https:\/\/www.liebefeld-kulturen.ch\/#\/schema\/logo\/image\/\",\"url\":\"https:\/\/www.liebefeld-kulturen.ch\/wp-content\/uploads\/2025\/05\/Logo_Agroscope_Logo-etwas-weiter-unten.png\",\"contentUrl\":\"https:\/\/www.liebefeld-kulturen.ch\/wp-content\/uploads\/2025\/05\/Logo_Agroscope_Logo-etwas-weiter-unten.png\",\"width\":1021,\"height\":315,\"caption\":\"Liebefeld Kulturen AG\"},\"image\":{\"@id\":\"https:\/\/www.liebefeld-kulturen.ch\/#\/schema\/logo\/image\/\"},\"sameAs\":[\"https:\/\/www.facebook.com\/agroscope\/\",\"https:\/\/x.com\/Agroscope\",\"https:\/\/www.youtube.com\/user\/agroscopevideo\"]}]}<\/script>\n<!-- \/ Yoast SEO plugin. -->","yoast_head_json":{"title":"K\u00e4sekulturen f\u00fcr Schweizer K\u00e4se | Liebefeld Aktuelles","description":"\u00dcber 40 Schweizer K\u00e4sekulturen aus 100-j\u00e4hriger Forschung. Mesophile, thermophile und vegane Kulturen f\u00fcr K\u00e4se, Joghurt und fermentierte Milchprodukte.","robots":{"index":"index","follow":"follow","max-snippet":"max-snippet:-1","max-image-preview":"max-image-preview:large","max-video-preview":"max-video-preview:-1"},"canonical":"https:\/\/www.liebefeld-kulturen.ch\/fr\/aktuelles\/","og_locale":"fr_FR","og_type":"article","og_title":"K\u00e4sekulturen f\u00fcr Schweizer K\u00e4se | Liebefeld Aktuelles","og_description":"\u00dcber 40 Schweizer K\u00e4sekulturen aus 100-j\u00e4hriger Forschung. Mesophile, thermophile und vegane Kulturen f\u00fcr K\u00e4se, Joghurt und fermentierte Milchprodukte.","og_url":"https:\/\/www.liebefeld-kulturen.ch\/fr\/aktuelles\/","og_site_name":"Liebefeld Kulturen AG","article_publisher":"https:\/\/www.facebook.com\/agroscope\/","article_modified_time":"2026-02-13T12:16:59+00:00","twitter_card":"summary_large_image","twitter_site":"@Agroscope","twitter_misc":{"Dur\u00e9e de lecture estim\u00e9e":"1 minute"},"schema":{"@context":"https:\/\/schema.org","@graph":[{"@type":"WebPage","@id":"https:\/\/www.liebefeld-kulturen.ch\/aktuelles\/","url":"https:\/\/www.liebefeld-kulturen.ch\/aktuelles\/","name":"K\u00e4sekulturen f\u00fcr Schweizer K\u00e4se | Liebefeld Aktuelles","isPartOf":{"@id":"https:\/\/www.liebefeld-kulturen.ch\/#website"},"datePublished":"2026-02-11T10:44:57+00:00","dateModified":"2026-02-13T12:16:59+00:00","description":"\u00dcber 40 Schweizer K\u00e4sekulturen aus 100-j\u00e4hriger Forschung. Mesophile, thermophile und vegane Kulturen f\u00fcr K\u00e4se, Joghurt und fermentierte Milchprodukte.","breadcrumb":{"@id":"https:\/\/www.liebefeld-kulturen.ch\/aktuelles\/#breadcrumb"},"inLanguage":"fr-FR","potentialAction":[{"@type":"ReadAction","target":["https:\/\/www.liebefeld-kulturen.ch\/aktuelles\/"]}]},{"@type":"BreadcrumbList","@id":"https:\/\/www.liebefeld-kulturen.ch\/aktuelles\/#breadcrumb","itemListElement":[{"@type":"ListItem","position":1,"name":"Startseite","item":"https:\/\/www.liebefeld-kulturen.ch\/"},{"@type":"ListItem","position":2,"name":"Aktuelles"}]},{"@type":"WebSite","@id":"https:\/\/www.liebefeld-kulturen.ch\/#website","url":"https:\/\/www.liebefeld-kulturen.ch\/","name":"Liebefeld Cultures SA","description":"Vielf\u00e4ltig. Vertrauensw\u00fcrdig. Sicher.","publisher":{"@id":"https:\/\/www.liebefeld-kulturen.ch\/#organization"},"potentialAction":[{"@type":"SearchAction","target":{"@type":"EntryPoint","urlTemplate":"https:\/\/www.liebefeld-kulturen.ch\/?s={search_term_string}"},"query-input":{"@type":"PropertyValueSpecification","valueRequired":true,"valueName":"search_term_string"}}],"inLanguage":"fr-FR"},{"@type":"Organization","@id":"https:\/\/www.liebefeld-kulturen.ch\/#organization","name":"Liebefeld Cultures SA","url":"https:\/\/www.liebefeld-kulturen.ch\/","logo":{"@type":"ImageObject","inLanguage":"fr-FR","@id":"https:\/\/www.liebefeld-kulturen.ch\/#\/schema\/logo\/image\/","url":"https:\/\/www.liebefeld-kulturen.ch\/wp-content\/uploads\/2025\/05\/Logo_Agroscope_Logo-etwas-weiter-unten.png","contentUrl":"https:\/\/www.liebefeld-kulturen.ch\/wp-content\/uploads\/2025\/05\/Logo_Agroscope_Logo-etwas-weiter-unten.png","width":1021,"height":315,"caption":"Liebefeld Kulturen AG"},"image":{"@id":"https:\/\/www.liebefeld-kulturen.ch\/#\/schema\/logo\/image\/"},"sameAs":["https:\/\/www.facebook.com\/agroscope\/","https:\/\/x.com\/Agroscope","https:\/\/www.youtube.com\/user\/agroscopevideo"]}]}},"_links":{"self":[{"href":"https:\/\/www.liebefeld-kulturen.ch\/fr\/wp-json\/wp\/v2\/pages\/1546","targetHints":{"allow":["GET"]}}],"collection":[{"href":"https:\/\/www.liebefeld-kulturen.ch\/fr\/wp-json\/wp\/v2\/pages"}],"about":[{"href":"https:\/\/www.liebefeld-kulturen.ch\/fr\/wp-json\/wp\/v2\/types\/page"}],"author":[{"embeddable":true,"href":"https:\/\/www.liebefeld-kulturen.ch\/fr\/wp-json\/wp\/v2\/users\/1"}],"replies":[{"embeddable":true,"href":"https:\/\/www.liebefeld-kulturen.ch\/fr\/wp-json\/wp\/v2\/comments?post=1546"}],"version-history":[{"count":10,"href":"https:\/\/www.liebefeld-kulturen.ch\/fr\/wp-json\/wp\/v2\/pages\/1546\/revisions"}],"predecessor-version":[{"id":1576,"href":"https:\/\/www.liebefeld-kulturen.ch\/fr\/wp-json\/wp\/v2\/pages\/1546\/revisions\/1576"}],"wp:attachment":[{"href":"https:\/\/www.liebefeld-kulturen.ch\/fr\/wp-json\/wp\/v2\/media?parent=1546"}],"curies":[{"name":"wp","href":"https:\/\/api.w.org\/{rel}","templated":true}]}}