{"id":1170,"date":"2025-09-29T13:45:53","date_gmt":"2025-09-29T11:45:53","guid":{"rendered":"https:\/\/liebe.avatalents.ch\/?page_id=1170"},"modified":"2025-10-01T14:56:44","modified_gmt":"2025-10-01T12:56:44","slug":"impressum","status":"publish","type":"page","link":"https:\/\/www.liebefeld-kulturen.ch\/fr\/impressum\/","title":{"rendered":"Mentions l\u00e9gales"},"content":{"rendered":"<div data-elementor-type=\"wp-page\" data-elementor-id=\"1170\" class=\"elementor elementor-1170\" data-elementor-post-type=\"page\">\n\t\t\t\t<div class=\"elementor-element elementor-element-6afc0c8b e-flex e-con-boxed e-con e-parent\" data-id=\"6afc0c8b\" data-element_type=\"container\">\n\t\t\t\t\t<div class=\"e-con-inner\">\n\t\t\t\t<div class=\"elementor-element elementor-element-4ef5af76 elementor-widget__width-initial elementor-widget elementor-widget-text-editor\" data-id=\"4ef5af76\" data-element_type=\"widget\" data-widget_type=\"text-editor.default\">\n\t\t\t\t<div class=\"elementor-widget-container\">\n\t\t\t\t\t\t\t\t\t<section class=\"elementor-section elementor-top-section elementor-element elementor-element-21345fb elementor-section-stretched elementor-section-boxed elementor-section-height-default elementor-section-height-default\" data-id=\"21345fb\" data-element_type=\"section\" data-settings=\"{&quot;stretch_section&quot;:&quot;section-stretched&quot;}\"><div class=\"elementor-container elementor-column-gap-default\"><div class=\"elementor-column elementor-col-100 elementor-top-column elementor-element elementor-element-3ee5a09\" data-id=\"3ee5a09\" data-element_type=\"column\"><div class=\"elementor-widget-wrap elementor-element-populated\"><div class=\"elementor-element elementor-element-1065c81 elementor-widget elementor-widget-heading\" data-id=\"1065c81\" data-element_type=\"widget\" data-widget_type=\"heading.default\"><div class=\"elementor-widget-container\"><h1 class=\"elementor-heading-title elementor-size-default\">Mentions l\u00e9gales et informations juridiques<\/h1><\/div><\/div><\/div><\/div><\/div><\/section><section class=\"elementor-section elementor-top-section elementor-element elementor-element-49bd3ef elementor-section-stretched elementor-section-boxed elementor-section-height-default elementor-section-height-default\" data-id=\"49bd3ef\" data-element_type=\"section\" data-settings=\"{&quot;stretch_section&quot;:&quot;section-stretched&quot;}\"><div class=\"elementor-container elementor-column-gap-default\"><div class=\"elementor-column elementor-col-50 elementor-top-column elementor-element elementor-element-52eabc7\" data-id=\"52eabc7\" data-element_type=\"column\"><div class=\"elementor-widget-wrap elementor-element-populated\"><div class=\"elementor-element elementor-element-f0922fd elementor-widget elementor-widget-heading\" data-id=\"f0922fd\" data-element_type=\"widget\" data-widget_type=\"heading.default\"><div class=\"elementor-widget-container\"><h3 class=\"elementor-heading-title elementor-size-default\">Propri\u00e9taire<\/h3><\/div><\/div><div class=\"elementor-element elementor-element-235bfd3 elementor-widget elementor-widget-text-editor\" data-id=\"235bfd3\" data-element_type=\"widget\" data-widget_type=\"text-editor.default\"><div class=\"elementor-widget-container\"><p><span data-contrast=\"auto\"><br \/>Liebefeld Cultures SA<\/span><span data-ccp-props=\"{&quot;201341983&quot;:2,&quot;335559731&quot;:708,&quot;335559739&quot;:0,&quot;335559740&quot;:260}\"><br \/><\/span><span data-contrast=\"auto\">c\/o Agroscope<\/span><span data-ccp-props=\"{&quot;201341983&quot;:2,&quot;335559731&quot;:708,&quot;335559739&quot;:0,&quot;335559740&quot;:260}\">\u00a0<br \/><\/span><span data-contrast=\"auto\">Route de la Tioleyre 4<\/span><span data-ccp-props=\"{&quot;201341983&quot;:2,&quot;335559731&quot;:708,&quot;335559739&quot;:0,&quot;335559740&quot;:260}\">\u00a0<br \/><\/span><span data-contrast=\"auto\">1725 Posieux<\/span><span data-ccp-props=\"{&quot;201341983&quot;:2,&quot;335559731&quot;:708,&quot;335559739&quot;:0,&quot;335559740&quot;:260}\">\u00a0<\/span><\/p><\/div><\/div><\/div><\/div><div class=\"elementor-column elementor-col-50 elementor-top-column elementor-element elementor-element-8c1116e\" data-id=\"8c1116e\" data-element_type=\"column\"><div class=\"elementor-widget-wrap elementor-element-populated\"><div class=\"elementor-element elementor-element-5be7327 elementor-widget elementor-widget-heading\" data-id=\"5be7327\" data-element_type=\"widget\" data-widget_type=\"heading.default\"><div class=\"elementor-widget-container\"><h3 class=\"elementor-heading-title elementor-size-default\">Copyright \/ Cr\u00e9dit photo<\/h3><\/div><\/div><div class=\"elementor-element elementor-element-29f05b8 elementor-widget elementor-widget-text-editor\" data-id=\"29f05b8\" data-element_type=\"widget\" data-widget_type=\"text-editor.default\"><div class=\"elementor-widget-container\"><p>Sauf indication contraire, le copyright de tous les textes, fichiers PDF et \u00e9l\u00e9ments graphiques appartient \u00e0 Liebfeld Kulturen AG et est prot\u00e9g\u00e9 par le droit d'auteur. Il est permis de cr\u00e9er des liens vers ces pages et de les citer en indiquant la source (Source\/Copyright : Liebefeld Kulturen AG, www.liebefeld-kulturen.ch).<\/p><p>Images page d'accueil<br \/>Fromage suisse : Switzerland Cheese Marketing AG<\/p><\/div><\/div><div class=\"elementor-element elementor-element-bb5845a elementor-widget elementor-widget-heading\" data-id=\"bb5845a\" data-element_type=\"widget\" data-widget_type=\"heading.default\"><div class=\"elementor-widget-container\"><h3 class=\"elementor-heading-title elementor-size-default\">Clause de non-responsabilit\u00e9<\/h3><\/div><\/div><div class=\"elementor-element elementor-element-e96e86f elementor-widget elementor-widget-text-editor\" data-id=\"e96e86f\" data-element_type=\"widget\" data-widget_type=\"text-editor.default\"><div class=\"elementor-widget-container\">Nous apportons le plus grand soin \u00e0 la compilation des informations contenues dans ces pages web. Nous ne pouvons toutefois pas \u00eatre tenus responsables des \u00e9ventuels dommages de quelque nature que ce soit li\u00e9s \u00e0 l'utilisation des informations mises \u00e0 disposition.<\/div><\/div><div class=\"elementor-element elementor-element-429a1f6 elementor-widget elementor-widget-heading\" data-id=\"429a1f6\" data-element_type=\"widget\" data-widget_type=\"heading.default\"><div class=\"elementor-widget-container\"><h3 class=\"elementor-heading-title elementor-size-default\">Avis de responsabilit\u00e9<\/h3><\/div><\/div><div class=\"elementor-element elementor-element-26d2103 elementor-widget elementor-widget-text-editor\" data-id=\"26d2103\" data-element_type=\"widget\" data-widget_type=\"text-editor.default\"><div class=\"elementor-widget-container\"><p>Malgr\u00e9 un contr\u00f4le minutieux du contenu, nous n'assumons aucune responsabilit\u00e9 pour le contenu des liens externes. Seuls les exploitants de ces sites sont responsables de leur contenu.<\/p><\/div><\/div><\/div><\/div><\/div><\/section>\t\t\t\t\t\t\t\t<\/div>\n\t\t\t\t<\/div>\n\t\t\t\t\t<\/div>\n\t\t\t\t<\/div>\n\t\t\t\t<\/div>","protected":false},"excerpt":{"rendered":"<p>Impressum und Rechtliches Inhaber Liebefeld Kulturen AGc\/o Agroscope\u00a0Route de la Tioleyre 4\u00a01725 Posieux\u00a0 Copyright \/ Bildnachweis Soweit nicht anders angegeben, liegt das Copyright f\u00fcr alle Texte, PDF-Dateien und grafischen Elemente bei der Liebfeld Kulturen AG und ist urheberrechtlich gesch\u00fctzt. Das Verlinken auf diese Seiten sowie das Zitieren unter Angabe der Quelle (Quelle\/Copyright: Liebefeld Kulturen AG, [&hellip;]<\/p>","protected":false},"author":1,"featured_media":0,"parent":0,"menu_order":0,"comment_status":"closed","ping_status":"closed","template":"","meta":{"_acf_changed":false,"iawp_total_views":60,"footnotes":""},"class_list":["post-1170","page","type-page","status-publish","hentry"],"acf":[],"yoast_head":"<!-- This site is optimized with the Yoast SEO plugin v26.7 - https:\/\/yoast.com\/wordpress\/plugins\/seo\/ -->\n<title>Impressum - Liebefeld Kulturen AG<\/title>\n<meta name=\"robots\" content=\"noindex, nofollow\" \/>\n<meta property=\"og:locale\" content=\"fr_FR\" \/>\n<meta property=\"og:type\" content=\"article\" \/>\n<meta property=\"og:title\" content=\"Impressum - Liebefeld Kulturen AG\" \/>\n<meta property=\"og:description\" content=\"Impressum und Rechtliches Inhaber Liebefeld Kulturen AGc\/o Agroscope\u00a0Route de la Tioleyre 4\u00a01725 Posieux\u00a0 Copyright \/ Bildnachweis Soweit nicht anders angegeben, liegt das Copyright f\u00fcr alle Texte, PDF-Dateien und grafischen Elemente bei der Liebfeld Kulturen AG und ist urheberrechtlich gesch\u00fctzt. Das Verlinken auf diese Seiten sowie das Zitieren unter Angabe der Quelle (Quelle\/Copyright: Liebefeld Kulturen AG, [&hellip;]\" \/>\n<meta property=\"og:url\" content=\"https:\/\/www.liebefeld-kulturen.ch\/fr\/impressum\/\" \/>\n<meta property=\"og:site_name\" content=\"Liebefeld Kulturen AG\" \/>\n<meta property=\"article:publisher\" content=\"https:\/\/www.facebook.com\/agroscope\/\" \/>\n<meta property=\"article:modified_time\" content=\"2025-10-01T12:56:44+00:00\" \/>\n<meta name=\"twitter:card\" content=\"summary_large_image\" \/>\n<meta name=\"twitter:site\" content=\"@Agroscope\" \/>\n<meta name=\"twitter:label1\" content=\"Dur\u00e9e de lecture estim\u00e9e\" \/>\n\t<meta name=\"twitter:data1\" content=\"2 minutes\" \/>\n<script type=\"application\/ld+json\" class=\"yoast-schema-graph\">{\"@context\":\"https:\/\/schema.org\",\"@graph\":[{\"@type\":\"WebPage\",\"@id\":\"https:\/\/www.liebefeld-kulturen.ch\/impressum\/\",\"url\":\"https:\/\/www.liebefeld-kulturen.ch\/impressum\/\",\"name\":\"Impressum - Liebefeld Kulturen AG\",\"isPartOf\":{\"@id\":\"https:\/\/www.liebefeld-kulturen.ch\/#website\"},\"datePublished\":\"2025-09-29T11:45:53+00:00\",\"dateModified\":\"2025-10-01T12:56:44+00:00\",\"breadcrumb\":{\"@id\":\"https:\/\/www.liebefeld-kulturen.ch\/impressum\/#breadcrumb\"},\"inLanguage\":\"fr-FR\",\"potentialAction\":[{\"@type\":\"ReadAction\",\"target\":[\"https:\/\/www.liebefeld-kulturen.ch\/impressum\/\"]}]},{\"@type\":\"BreadcrumbList\",\"@id\":\"https:\/\/www.liebefeld-kulturen.ch\/impressum\/#breadcrumb\",\"itemListElement\":[{\"@type\":\"ListItem\",\"position\":1,\"name\":\"Startseite\",\"item\":\"https:\/\/www.liebefeld-kulturen.ch\/\"},{\"@type\":\"ListItem\",\"position\":2,\"name\":\"Impressum\"}]},{\"@type\":\"WebSite\",\"@id\":\"https:\/\/www.liebefeld-kulturen.ch\/#website\",\"url\":\"https:\/\/www.liebefeld-kulturen.ch\/\",\"name\":\"Liebefeld Kulturen AG\",\"description\":\"Vielf\u00e4ltig. Vertrauensw\u00fcrdig. Sicher.\",\"publisher\":{\"@id\":\"https:\/\/www.liebefeld-kulturen.ch\/#organization\"},\"potentialAction\":[{\"@type\":\"SearchAction\",\"target\":{\"@type\":\"EntryPoint\",\"urlTemplate\":\"https:\/\/www.liebefeld-kulturen.ch\/?s={search_term_string}\"},\"query-input\":{\"@type\":\"PropertyValueSpecification\",\"valueRequired\":true,\"valueName\":\"search_term_string\"}}],\"inLanguage\":\"fr-FR\"},{\"@type\":\"Organization\",\"@id\":\"https:\/\/www.liebefeld-kulturen.ch\/#organization\",\"name\":\"Liebefeld Kulturen AG\",\"url\":\"https:\/\/www.liebefeld-kulturen.ch\/\",\"logo\":{\"@type\":\"ImageObject\",\"inLanguage\":\"fr-FR\",\"@id\":\"https:\/\/www.liebefeld-kulturen.ch\/#\/schema\/logo\/image\/\",\"url\":\"https:\/\/www.liebefeld-kulturen.ch\/wp-content\/uploads\/2025\/05\/Logo_Agroscope_Logo-etwas-weiter-unten.png\",\"contentUrl\":\"https:\/\/www.liebefeld-kulturen.ch\/wp-content\/uploads\/2025\/05\/Logo_Agroscope_Logo-etwas-weiter-unten.png\",\"width\":1021,\"height\":315,\"caption\":\"Liebefeld Kulturen AG\"},\"image\":{\"@id\":\"https:\/\/www.liebefeld-kulturen.ch\/#\/schema\/logo\/image\/\"},\"sameAs\":[\"https:\/\/www.facebook.com\/agroscope\/\",\"https:\/\/x.com\/Agroscope\",\"https:\/\/www.youtube.com\/user\/agroscopevideo\"]}]}<\/script>\n<!-- \/ Yoast SEO plugin. -->","yoast_head_json":{"title":"Impressum - Liebefeld Kulturen AG","robots":{"index":"noindex","follow":"nofollow"},"og_locale":"fr_FR","og_type":"article","og_title":"Impressum - Liebefeld Kulturen AG","og_description":"Impressum und Rechtliches Inhaber Liebefeld Kulturen AGc\/o Agroscope\u00a0Route de la Tioleyre 4\u00a01725 Posieux\u00a0 Copyright \/ Bildnachweis Soweit nicht anders angegeben, liegt das Copyright f\u00fcr alle Texte, PDF-Dateien und grafischen Elemente bei der Liebfeld Kulturen AG und ist urheberrechtlich gesch\u00fctzt. Das Verlinken auf diese Seiten sowie das Zitieren unter Angabe der Quelle (Quelle\/Copyright: Liebefeld Kulturen AG, [&hellip;]","og_url":"https:\/\/www.liebefeld-kulturen.ch\/fr\/impressum\/","og_site_name":"Liebefeld Kulturen AG","article_publisher":"https:\/\/www.facebook.com\/agroscope\/","article_modified_time":"2025-10-01T12:56:44+00:00","twitter_card":"summary_large_image","twitter_site":"@Agroscope","twitter_misc":{"Dur\u00e9e de lecture estim\u00e9e":"2 minutes"},"schema":{"@context":"https:\/\/schema.org","@graph":[{"@type":"WebPage","@id":"https:\/\/www.liebefeld-kulturen.ch\/impressum\/","url":"https:\/\/www.liebefeld-kulturen.ch\/impressum\/","name":"Impressum - Liebefeld Kulturen AG","isPartOf":{"@id":"https:\/\/www.liebefeld-kulturen.ch\/#website"},"datePublished":"2025-09-29T11:45:53+00:00","dateModified":"2025-10-01T12:56:44+00:00","breadcrumb":{"@id":"https:\/\/www.liebefeld-kulturen.ch\/impressum\/#breadcrumb"},"inLanguage":"fr-FR","potentialAction":[{"@type":"ReadAction","target":["https:\/\/www.liebefeld-kulturen.ch\/impressum\/"]}]},{"@type":"BreadcrumbList","@id":"https:\/\/www.liebefeld-kulturen.ch\/impressum\/#breadcrumb","itemListElement":[{"@type":"ListItem","position":1,"name":"Startseite","item":"https:\/\/www.liebefeld-kulturen.ch\/"},{"@type":"ListItem","position":2,"name":"Impressum"}]},{"@type":"WebSite","@id":"https:\/\/www.liebefeld-kulturen.ch\/#website","url":"https:\/\/www.liebefeld-kulturen.ch\/","name":"Liebefeld Cultures SA","description":"Vielf\u00e4ltig. Vertrauensw\u00fcrdig. Sicher.","publisher":{"@id":"https:\/\/www.liebefeld-kulturen.ch\/#organization"},"potentialAction":[{"@type":"SearchAction","target":{"@type":"EntryPoint","urlTemplate":"https:\/\/www.liebefeld-kulturen.ch\/?s={search_term_string}"},"query-input":{"@type":"PropertyValueSpecification","valueRequired":true,"valueName":"search_term_string"}}],"inLanguage":"fr-FR"},{"@type":"Organization","@id":"https:\/\/www.liebefeld-kulturen.ch\/#organization","name":"Liebefeld Cultures SA","url":"https:\/\/www.liebefeld-kulturen.ch\/","logo":{"@type":"ImageObject","inLanguage":"fr-FR","@id":"https:\/\/www.liebefeld-kulturen.ch\/#\/schema\/logo\/image\/","url":"https:\/\/www.liebefeld-kulturen.ch\/wp-content\/uploads\/2025\/05\/Logo_Agroscope_Logo-etwas-weiter-unten.png","contentUrl":"https:\/\/www.liebefeld-kulturen.ch\/wp-content\/uploads\/2025\/05\/Logo_Agroscope_Logo-etwas-weiter-unten.png","width":1021,"height":315,"caption":"Liebefeld Kulturen AG"},"image":{"@id":"https:\/\/www.liebefeld-kulturen.ch\/#\/schema\/logo\/image\/"},"sameAs":["https:\/\/www.facebook.com\/agroscope\/","https:\/\/x.com\/Agroscope","https:\/\/www.youtube.com\/user\/agroscopevideo"]}]}},"_links":{"self":[{"href":"https:\/\/www.liebefeld-kulturen.ch\/fr\/wp-json\/wp\/v2\/pages\/1170","targetHints":{"allow":["GET"]}}],"collection":[{"href":"https:\/\/www.liebefeld-kulturen.ch\/fr\/wp-json\/wp\/v2\/pages"}],"about":[{"href":"https:\/\/www.liebefeld-kulturen.ch\/fr\/wp-json\/wp\/v2\/types\/page"}],"author":[{"embeddable":true,"href":"https:\/\/www.liebefeld-kulturen.ch\/fr\/wp-json\/wp\/v2\/users\/1"}],"replies":[{"embeddable":true,"href":"https:\/\/www.liebefeld-kulturen.ch\/fr\/wp-json\/wp\/v2\/comments?post=1170"}],"version-history":[{"count":3,"href":"https:\/\/www.liebefeld-kulturen.ch\/fr\/wp-json\/wp\/v2\/pages\/1170\/revisions"}],"predecessor-version":[{"id":1270,"href":"https:\/\/www.liebefeld-kulturen.ch\/fr\/wp-json\/wp\/v2\/pages\/1170\/revisions\/1270"}],"wp:attachment":[{"href":"https:\/\/www.liebefeld-kulturen.ch\/fr\/wp-json\/wp\/v2\/media?parent=1170"}],"curies":[{"name":"wp","href":"https:\/\/api.w.org\/{rel}","templated":true}]}}